{"id":2,"date":"2025-08-17T15:45:52","date_gmt":"2025-08-17T13:45:52","guid":{"rendered":"http:\/\/tramtaria.com\/?page_id=2"},"modified":"2025-08-17T19:14:01","modified_gmt":"2025-08-17T17:14:01","slug":"ukazkova-stranka","status":"publish","type":"page","link":"https:\/\/tramtaria.com\/?page_id=2","title":{"rendered":"T R A M T \u00c1 R I A                  group since 1992"},"content":{"rendered":"\n<p><\/p>\n\n\n\n<blockquote class=\"wp-block-quote\">\n<p>Spolo\u010dnos\u0165 Tramtaria bola zalo\u017een\u00e1 v roku 1992 ako spol. s r. o.<\/p>\n\n\n\n<p>N\u00e1sledne do skupiny pri\u0161la dc\u00e9rska spolo\u010dnos\u0165 Outdooria, s. r. o. a nesk\u00f4r akciov\u00e1 spolo\u010dnos\u0165 OUTRA<\/p>\n<\/blockquote>\n\n\n\n<p><\/p>\n\n\n\n<blockquote class=\"wp-block-quote\">\n<p>Od vzniku a\u017e do dnes sa spolo\u010dnos\u0165 venuje outdoorov\u00fdm \u0161portom. V portf\u00f3liu \u010dinnosti sa po\u010das viac ako 33 rokoch vystriedalo a dop\u013a\u0148alo klasick\u00e9 zastupovanie zna\u010diek, maloobchodn\u00fd \u010di ve\u013ekoobchodn\u00fd predaj, \u0161portov\u00fd marketing, usporiadanie eventov a podobne.<\/p>\n<\/blockquote>\n","protected":false},"excerpt":{"rendered":"<p>Spolo\u010dnos\u0165 Tramtaria bola zalo\u017een\u00e1 v roku 1992 ako spol. s r. o. N\u00e1sledne do skupiny pri\u0161la dc\u00e9rska spolo\u010dnos\u0165 Outdooria, s. r. o. a nesk\u00f4r akciov\u00e1 spolo\u010dnos\u0165 OUTRA Od vzniku a\u017e do dnes sa spolo\u010dnos\u0165 venuje outdoorov\u00fdm \u0161portom. V portf\u00f3liu \u010dinnosti sa po\u010das viac ako 33 rokoch vystriedalo a dop\u013a\u0148alo klasick\u00e9 zastupovanie zna\u010diek, maloobchodn\u00fd \u010di ve\u013ekoobchodn\u00fd [&hellip;]<\/p>\n","protected":false},"author":1,"featured_media":0,"parent":0,"menu_order":0,"comment_status":"closed","ping_status":"open","template":"","meta":[],"_links":{"self":[{"href":"https:\/\/tramtaria.com\/index.php?rest_route=\/wp\/v2\/pages\/2"}],"collection":[{"href":"https:\/\/tramtaria.com\/index.php?rest_route=\/wp\/v2\/pages"}],"about":[{"href":"https:\/\/tramtaria.com\/index.php?rest_route=\/wp\/v2\/types\/page"}],"author":[{"embeddable":true,"href":"https:\/\/tramtaria.com\/index.php?rest_route=\/wp\/v2\/users\/1"}],"replies":[{"embeddable":true,"href":"https:\/\/tramtaria.com\/index.php?rest_route=%2Fwp%2Fv2%2Fcomments&post=2"}],"version-history":[{"count":4,"href":"https:\/\/tramtaria.com\/index.php?rest_route=\/wp\/v2\/pages\/2\/revisions"}],"predecessor-version":[{"id":17,"href":"https:\/\/tramtaria.com\/index.php?rest_route=\/wp\/v2\/pages\/2\/revisions\/17"}],"wp:attachment":[{"href":"https:\/\/tramtaria.com\/index.php?rest_route=%2Fwp%2Fv2%2Fmedia&parent=2"}],"curies":[{"name":"wp","href":"https:\/\/api.w.org\/{rel}","templated":true}]}}